{"id":46,"date":"2026-03-11T19:08:59","date_gmt":"2026-03-11T19:08:59","guid":{"rendered":"https:\/\/documentalchacabuco.cl\/?page_id=46"},"modified":"2026-04-19T07:54:23","modified_gmt":"2026-04-19T07:54:23","slug":"inicio","status":"publish","type":"page","link":"https:\/\/documentalchacabuco.cl\/","title":{"rendered":"Inicio"},"content":{"rendered":"\t\t<div data-elementor-type=\"wp-page\" data-elementor-id=\"46\" class=\"elementor elementor-46\" data-elementor-post-type=\"page\">\n\t\t\t\t<div class=\"elementor-element elementor-element-69011ef e-flex e-con-boxed e-con e-parent\" data-id=\"69011ef\" data-element_type=\"container\" data-e-type=\"container\">\n\t\t\t\t\t<div class=\"e-con-inner\">\n\t\t\t\t\t<\/div>\n\t\t\t\t<\/div>\n\t\t<div class=\"elementor-element elementor-element-20d731d e-flex e-con-boxed e-con e-parent\" data-id=\"20d731d\" data-element_type=\"container\" data-e-type=\"container\">\n\t\t\t\t\t<div class=\"e-con-inner\">\n\t\t\t\t<div class=\"elementor-element elementor-element-0882d01 elementor-widget elementor-widget-text-editor\" data-id=\"0882d01\" data-element_type=\"widget\" data-e-type=\"widget\" data-widget_type=\"text-editor.default\">\n\t\t\t\t\t\t\t\t\t<p class=\"p2\">En el coraz\u00f3n del desierto de Atacama, a casi cien kil\u00f3metros de Antofagasta, se alza la ex Oficina Salitrera Chacabuco. Lo que alguna vez fue un pujante enclave industrial, capaz dealbergar a m\u00e1s de cinco mil personas en plena \u00e9poca del salitre, hoy es tambi\u00e9n uno de los sitios de memoria m\u00e1s importantes del norte de Chile. Entre 1973 y 1975, tras el golpe deEstado, este lugar fue reutilizado como campo de prisioneros pol\u00edticos, alojando a cientos de personas en condiciones extremas, muchas de ellas perseguidas \u00fanicamente por pensardistinto. Pese a esta doble carga hist\u00f3rica\u00a0 como s\u00edmbolo del progreso industrial y de la represi\u00f3n dictatorial, la historia de Chacabuco sigue siendo desconocida para buena parte de la poblaci\u00f3n, especialmente las nuevas generaciones. A\u00fan con su declaraci\u00f3n como Monumento Nacional, y a pesar del esfuerzo sostenido por la Corporaci\u00f3n Museo del Salitre Chacabuco, su\u00a0 historia permanece relegada a nichos reducidos, sin un relato audiovisual de libre acceso que re\u00fana sus dimensiones humanas, pol\u00edticas y culturales. En 2024 se dio un paso importante con la creaci\u00f3n de un recorrido virtual 3D del sitio, pero el relato emocional, \u00edntimo y testimonial sigue ausente. Hoy, con el paso de los a\u00f1os, los protagonistas directos de esa historia comienzan a partir, llev\u00e1ndose consigo sus recuerdos, sus voces y sus vivencias. Testimonios valiosos como el de Sergio Guim, \u00faltimo habitante vivo nacido en la oficina, o el de antiguos prisioneros pol\u00edticos, corren el riesgo de perderse para siempre si no se resguardan con urgencia. Chacabuco no solo es ruina o archivo: es memoria viva. Es historia que duele y ense\u00f1a. Y en un pa\u00eds donde la memoria ha sido tantas veces negada o silenciada, este proyecto busca que no se imponga el olvido. Porque mientras exista alguien que cuente lo que vivi\u00f3 entre esos muros, existe la posibilidad de construir una sociedad que no repita sus errores.<\/p>\t\t\t\t\t\t\t\t<\/div>\n\t\t\t\t\t<\/div>\n\t\t\t\t<\/div>\n\t\t<div class=\"elementor-element elementor-element-f92e6bd e-flex e-con-boxed e-con e-parent\" data-id=\"f92e6bd\" data-element_type=\"container\" data-e-type=\"container\">\n\t\t\t\t\t<div class=\"e-con-inner\">\n\t\t\t\t<div class=\"elementor-element elementor-element-22ba7c8 elementor-widget elementor-widget-image\" data-id=\"22ba7c8\" data-element_type=\"widget\" data-e-type=\"widget\" data-widget_type=\"image.default\">\n\t\t\t\t\t\t\t\t\t\t\t\t\t\t\t<img fetchpriority=\"high\" decoding=\"async\" width=\"1024\" height=\"373\" src=\"https:\/\/documentalchacabuco.cl\/wp-content\/uploads\/2026\/04\/banner-pagina-1024x373.jpg\" class=\"attachment-large size-large wp-image-195\" alt=\"\" srcset=\"https:\/\/documentalchacabuco.cl\/wp-content\/uploads\/2026\/04\/banner-pagina-1024x373.jpg 1024w, https:\/\/documentalchacabuco.cl\/wp-content\/uploads\/2026\/04\/banner-pagina-300x109.jpg 300w, https:\/\/documentalchacabuco.cl\/wp-content\/uploads\/2026\/04\/banner-pagina-1536x560.jpg 1536w, https:\/\/documentalchacabuco.cl\/wp-content\/uploads\/2026\/04\/banner-pagina.jpg 1788w\" sizes=\"100vw\" \/>\t\t\t\t\t\t\t\t\t\t\t\t\t\t\t<\/div>\n\t\t\t\t\t<\/div>\n\t\t\t\t<\/div>\n\t\t<div class=\"elementor-element elementor-element-39bdfa6 e-flex e-con-boxed e-con e-parent\" data-id=\"39bdfa6\" data-element_type=\"container\" data-e-type=\"container\">\n\t\t\t\t\t<div class=\"e-con-inner\">\n\t\t\t\t<div class=\"elementor-element elementor-element-078d4c7 elementor-shape-rounded elementor-grid-0 e-grid-align-center elementor-widget elementor-widget-social-icons\" data-id=\"078d4c7\" data-element_type=\"widget\" data-e-type=\"widget\" data-widget_type=\"social-icons.default\">\n\t\t\t\t\t\t\t<div class=\"elementor-social-icons-wrapper elementor-grid\" role=\"list\">\n\t\t\t\t\t\t\t<span class=\"elementor-grid-item\" role=\"listitem\">\n\t\t\t\t\t<a class=\"elementor-icon elementor-social-icon elementor-social-icon-facebook elementor-repeater-item-be233f2\" href=\"https:\/\/www.facebook.com\/profile.php?id=61562111306643\" target=\"_blank\">\n\t\t\t\t\t\t<span class=\"elementor-screen-only\">Facebook<\/span>\n\t\t\t\t\t\t<svg aria-hidden=\"true\" class=\"e-font-icon-svg e-fab-facebook\" viewBox=\"0 0 512 512\" xmlns=\"http:\/\/www.w3.org\/2000\/svg\"><path d=\"M504 256C504 119 393 8 256 8S8 119 8 256c0 123.78 90.69 226.38 209.25 245V327.69h-63V256h63v-54.64c0-62.15 37-96.48 93.67-96.48 27.14 0 55.52 4.84 55.52 4.84v61h-31.28c-30.8 0-40.41 19.12-40.41 38.73V256h68.78l-11 71.69h-57.78V501C413.31 482.38 504 379.78 504 256z\"><\/path><\/svg>\t\t\t\t\t<\/a>\n\t\t\t\t<\/span>\n\t\t\t\t\t\t\t<span class=\"elementor-grid-item\" role=\"listitem\">\n\t\t\t\t\t<a class=\"elementor-icon elementor-social-icon elementor-social-icon-youtube elementor-repeater-item-d61bb01\" href=\"https:\/\/www.youtube.com\/@ContactoAntofagasta\" target=\"_blank\">\n\t\t\t\t\t\t<span class=\"elementor-screen-only\">Youtube<\/span>\n\t\t\t\t\t\t<svg aria-hidden=\"true\" class=\"e-font-icon-svg e-fab-youtube\" viewBox=\"0 0 576 512\" xmlns=\"http:\/\/www.w3.org\/2000\/svg\"><path d=\"M549.655 124.083c-6.281-23.65-24.787-42.276-48.284-48.597C458.781 64 288 64 288 64S117.22 64 74.629 75.486c-23.497 6.322-42.003 24.947-48.284 48.597-11.412 42.867-11.412 132.305-11.412 132.305s0 89.438 11.412 132.305c6.281 23.65 24.787 41.5 48.284 47.821C117.22 448 288 448 288 448s170.78 0 213.371-11.486c23.497-6.321 42.003-24.171 48.284-47.821 11.412-42.867 11.412-132.305 11.412-132.305s0-89.438-11.412-132.305zm-317.51 213.508V175.185l142.739 81.205-142.739 81.201z\"><\/path><\/svg>\t\t\t\t\t<\/a>\n\t\t\t\t<\/span>\n\t\t\t\t\t\t\t<span class=\"elementor-grid-item\" role=\"listitem\">\n\t\t\t\t\t<a class=\"elementor-icon elementor-social-icon elementor-social-icon-instagram elementor-repeater-item-fb725f2\" href=\"https:\/\/www.instagram.com\/corpchacabuco\/\" target=\"_blank\">\n\t\t\t\t\t\t<span class=\"elementor-screen-only\">Instagram<\/span>\n\t\t\t\t\t\t<svg aria-hidden=\"true\" class=\"e-font-icon-svg e-fab-instagram\" viewBox=\"0 0 448 512\" xmlns=\"http:\/\/www.w3.org\/2000\/svg\"><path d=\"M224.1 141c-63.6 0-114.9 51.3-114.9 114.9s51.3 114.9 114.9 114.9S339 319.5 339 255.9 287.7 141 224.1 141zm0 189.6c-41.1 0-74.7-33.5-74.7-74.7s33.5-74.7 74.7-74.7 74.7 33.5 74.7 74.7-33.6 74.7-74.7 74.7zm146.4-194.3c0 14.9-12 26.8-26.8 26.8-14.9 0-26.8-12-26.8-26.8s12-26.8 26.8-26.8 26.8 12 26.8 26.8zm76.1 27.2c-1.7-35.9-9.9-67.7-36.2-93.9-26.2-26.2-58-34.4-93.9-36.2-37-2.1-147.9-2.1-184.9 0-35.8 1.7-67.6 9.9-93.9 36.1s-34.4 58-36.2 93.9c-2.1 37-2.1 147.9 0 184.9 1.7 35.9 9.9 67.7 36.2 93.9s58 34.4 93.9 36.2c37 2.1 147.9 2.1 184.9 0 35.9-1.7 67.7-9.9 93.9-36.2 26.2-26.2 34.4-58 36.2-93.9 2.1-37 2.1-147.8 0-184.8zM398.8 388c-7.8 19.6-22.9 34.7-42.6 42.6-29.5 11.7-99.5 9-132.1 9s-102.7 2.6-132.1-9c-19.6-7.8-34.7-22.9-42.6-42.6-11.7-29.5-9-99.5-9-132.1s-2.6-102.7 9-132.1c7.8-19.6 22.9-34.7 42.6-42.6 29.5-11.7 99.5-9 132.1-9s102.7-2.6 132.1 9c19.6 7.8 34.7 22.9 42.6 42.6 11.7 29.5 9 99.5 9 132.1s2.7 102.7-9 132.1z\"><\/path><\/svg>\t\t\t\t\t<\/a>\n\t\t\t\t<\/span>\n\t\t\t\t\t<\/div>\n\t\t\t\t\t\t<\/div>\n\t\t\t\t\t<\/div>\n\t\t\t\t<\/div>\n\t\t<div class=\"elementor-element elementor-element-106f22c e-flex e-con-boxed e-con e-parent\" data-id=\"106f22c\" data-element_type=\"container\" data-e-type=\"container\">\n\t\t\t\t\t<div class=\"e-con-inner\">\n\t\t\t\t\t<\/div>\n\t\t\t\t<\/div>\n\t\t\t\t<\/div>\n\t\t","protected":false},"excerpt":{"rendered":"<p>En el coraz\u00f3n del desierto de Atacama, a casi cien kil\u00f3metros de Antofagasta, se alza la ex Oficina Salitrera Chacabuco. Lo que alguna vez fue un pujante enclave industrial, capaz dealbergar a m\u00e1s de cinco mil personas en plena \u00e9poca del salitre, hoy es tambi\u00e9n uno de los sitios de memoria m\u00e1s importantes del norte &hellip; <\/p>\n<p class=\"link-more\"><a href=\"https:\/\/documentalchacabuco.cl\/\" class=\"more-link\">Leer m\u00e1s<span class=\"screen-reader-text\"> \u00abInicio\u00bb<\/span><\/a><\/p>\n","protected":false},"author":1,"featured_media":0,"parent":0,"menu_order":0,"comment_status":"closed","ping_status":"closed","template":"","meta":{"inspiro_hide_title":false,"footnotes":""},"class_list":["post-46","page","type-page","status-publish","hentry"],"yoast_head":"<!-- This site is optimized with the Yoast SEO plugin v27.1.1 - https:\/\/yoast.com\/product\/yoast-seo-wordpress\/ -->\n<title>Inicio - DOCUMENTAL CHACABUCO<\/title>\n<meta name=\"robots\" content=\"index, follow, max-snippet:-1, max-image-preview:large, max-video-preview:-1\" \/>\n<link rel=\"canonical\" href=\"https:\/\/documentalchacabuco.cl\/\" \/>\n<meta property=\"og:locale\" content=\"es_ES\" \/>\n<meta property=\"og:type\" content=\"article\" \/>\n<meta property=\"og:title\" content=\"Inicio - DOCUMENTAL CHACABUCO\" \/>\n<meta property=\"og:description\" content=\"En el coraz\u00f3n del desierto de Atacama, a casi cien kil\u00f3metros de Antofagasta, se alza la ex Oficina Salitrera Chacabuco. Lo que alguna vez fue un pujante enclave industrial, capaz dealbergar a m\u00e1s de cinco mil personas en plena \u00e9poca del salitre, hoy es tambi\u00e9n uno de los sitios de memoria m\u00e1s importantes del norte &hellip; Leer m\u00e1s \u00abInicio\u00bb\" \/>\n<meta property=\"og:url\" content=\"https:\/\/documentalchacabuco.cl\/\" \/>\n<meta property=\"og:site_name\" content=\"DOCUMENTAL CHACABUCO\" \/>\n<meta property=\"article:modified_time\" content=\"2026-04-19T07:54:23+00:00\" \/>\n<meta property=\"og:image\" content=\"https:\/\/documentalchacabuco.cl\/wp-content\/uploads\/2026\/04\/banner-pagina-1024x373.jpg\" \/>\n<meta name=\"twitter:card\" content=\"summary_large_image\" \/>\n<meta name=\"twitter:label1\" content=\"Tiempo de lectura\" \/>\n\t<meta name=\"twitter:data1\" content=\"2 minutos\" \/>\n<script type=\"application\/ld+json\" class=\"yoast-schema-graph\">{\"@context\":\"https:\/\/schema.org\",\"@graph\":[{\"@type\":\"WebPage\",\"@id\":\"https:\/\/documentalchacabuco.cl\/\",\"url\":\"https:\/\/documentalchacabuco.cl\/\",\"name\":\"Inicio - DOCUMENTAL CHACABUCO\",\"isPartOf\":{\"@id\":\"https:\/\/documentalchacabuco.cl\/#website\"},\"primaryImageOfPage\":{\"@id\":\"https:\/\/documentalchacabuco.cl\/#primaryimage\"},\"image\":{\"@id\":\"https:\/\/documentalchacabuco.cl\/#primaryimage\"},\"thumbnailUrl\":\"https:\/\/documentalchacabuco.cl\/wp-content\/uploads\/2026\/04\/banner-pagina-1024x373.jpg\",\"datePublished\":\"2026-03-11T19:08:59+00:00\",\"dateModified\":\"2026-04-19T07:54:23+00:00\",\"breadcrumb\":{\"@id\":\"https:\/\/documentalchacabuco.cl\/#breadcrumb\"},\"inLanguage\":\"es\",\"potentialAction\":[{\"@type\":\"ReadAction\",\"target\":[\"https:\/\/documentalchacabuco.cl\/\"]}]},{\"@type\":\"ImageObject\",\"inLanguage\":\"es\",\"@id\":\"https:\/\/documentalchacabuco.cl\/#primaryimage\",\"url\":\"https:\/\/documentalchacabuco.cl\/wp-content\/uploads\/2026\/04\/banner-pagina.jpg\",\"contentUrl\":\"https:\/\/documentalchacabuco.cl\/wp-content\/uploads\/2026\/04\/banner-pagina.jpg\",\"width\":1788,\"height\":652},{\"@type\":\"BreadcrumbList\",\"@id\":\"https:\/\/documentalchacabuco.cl\/#breadcrumb\",\"itemListElement\":[{\"@type\":\"ListItem\",\"position\":1,\"name\":\"Portada\",\"item\":\"https:\/\/documentalchacabuco.cl\/\"},{\"@type\":\"ListItem\",\"position\":2,\"name\":\"Inicio\"}]},{\"@type\":\"WebSite\",\"@id\":\"https:\/\/documentalchacabuco.cl\/#website\",\"url\":\"https:\/\/documentalchacabuco.cl\/\",\"name\":\"DOCUMENTAL CHACABUCO\",\"description\":\"\",\"publisher\":{\"@id\":\"https:\/\/documentalchacabuco.cl\/#organization\"},\"potentialAction\":[{\"@type\":\"SearchAction\",\"target\":{\"@type\":\"EntryPoint\",\"urlTemplate\":\"https:\/\/documentalchacabuco.cl\/?s={search_term_string}\"},\"query-input\":{\"@type\":\"PropertyValueSpecification\",\"valueRequired\":true,\"valueName\":\"search_term_string\"}}],\"inLanguage\":\"es\"},{\"@type\":\"Organization\",\"@id\":\"https:\/\/documentalchacabuco.cl\/#organization\",\"name\":\"DOCUMENTAL CHACABUCO\",\"url\":\"https:\/\/documentalchacabuco.cl\/\",\"logo\":{\"@type\":\"ImageObject\",\"inLanguage\":\"es\",\"@id\":\"https:\/\/documentalchacabuco.cl\/#\/schema\/logo\/image\/\",\"url\":\"https:\/\/documentalchacabuco.cl\/wp-content\/uploads\/2026\/03\/cropped-LOGO-CHACABUCO-DOCUDMT_L.jpg\",\"contentUrl\":\"https:\/\/documentalchacabuco.cl\/wp-content\/uploads\/2026\/03\/cropped-LOGO-CHACABUCO-DOCUDMT_L.jpg\",\"width\":1511,\"height\":1529,\"caption\":\"DOCUMENTAL CHACABUCO\"},\"image\":{\"@id\":\"https:\/\/documentalchacabuco.cl\/#\/schema\/logo\/image\/\"}}]}<\/script>\n<!-- \/ Yoast SEO plugin. -->","yoast_head_json":{"title":"Inicio - DOCUMENTAL CHACABUCO","robots":{"index":"index","follow":"follow","max-snippet":"max-snippet:-1","max-image-preview":"max-image-preview:large","max-video-preview":"max-video-preview:-1"},"canonical":"https:\/\/documentalchacabuco.cl\/","og_locale":"es_ES","og_type":"article","og_title":"Inicio - DOCUMENTAL CHACABUCO","og_description":"En el coraz\u00f3n del desierto de Atacama, a casi cien kil\u00f3metros de Antofagasta, se alza la ex Oficina Salitrera Chacabuco. Lo que alguna vez fue un pujante enclave industrial, capaz dealbergar a m\u00e1s de cinco mil personas en plena \u00e9poca del salitre, hoy es tambi\u00e9n uno de los sitios de memoria m\u00e1s importantes del norte &hellip; Leer m\u00e1s \u00abInicio\u00bb","og_url":"https:\/\/documentalchacabuco.cl\/","og_site_name":"DOCUMENTAL CHACABUCO","article_modified_time":"2026-04-19T07:54:23+00:00","og_image":[{"url":"https:\/\/documentalchacabuco.cl\/wp-content\/uploads\/2026\/04\/banner-pagina-1024x373.jpg","type":"","width":"","height":""}],"twitter_card":"summary_large_image","twitter_misc":{"Tiempo de lectura":"2 minutos"},"schema":{"@context":"https:\/\/schema.org","@graph":[{"@type":"WebPage","@id":"https:\/\/documentalchacabuco.cl\/","url":"https:\/\/documentalchacabuco.cl\/","name":"Inicio - DOCUMENTAL CHACABUCO","isPartOf":{"@id":"https:\/\/documentalchacabuco.cl\/#website"},"primaryImageOfPage":{"@id":"https:\/\/documentalchacabuco.cl\/#primaryimage"},"image":{"@id":"https:\/\/documentalchacabuco.cl\/#primaryimage"},"thumbnailUrl":"https:\/\/documentalchacabuco.cl\/wp-content\/uploads\/2026\/04\/banner-pagina-1024x373.jpg","datePublished":"2026-03-11T19:08:59+00:00","dateModified":"2026-04-19T07:54:23+00:00","breadcrumb":{"@id":"https:\/\/documentalchacabuco.cl\/#breadcrumb"},"inLanguage":"es","potentialAction":[{"@type":"ReadAction","target":["https:\/\/documentalchacabuco.cl\/"]}]},{"@type":"ImageObject","inLanguage":"es","@id":"https:\/\/documentalchacabuco.cl\/#primaryimage","url":"https:\/\/documentalchacabuco.cl\/wp-content\/uploads\/2026\/04\/banner-pagina.jpg","contentUrl":"https:\/\/documentalchacabuco.cl\/wp-content\/uploads\/2026\/04\/banner-pagina.jpg","width":1788,"height":652},{"@type":"BreadcrumbList","@id":"https:\/\/documentalchacabuco.cl\/#breadcrumb","itemListElement":[{"@type":"ListItem","position":1,"name":"Portada","item":"https:\/\/documentalchacabuco.cl\/"},{"@type":"ListItem","position":2,"name":"Inicio"}]},{"@type":"WebSite","@id":"https:\/\/documentalchacabuco.cl\/#website","url":"https:\/\/documentalchacabuco.cl\/","name":"DOCUMENTAL CHACABUCO","description":"","publisher":{"@id":"https:\/\/documentalchacabuco.cl\/#organization"},"potentialAction":[{"@type":"SearchAction","target":{"@type":"EntryPoint","urlTemplate":"https:\/\/documentalchacabuco.cl\/?s={search_term_string}"},"query-input":{"@type":"PropertyValueSpecification","valueRequired":true,"valueName":"search_term_string"}}],"inLanguage":"es"},{"@type":"Organization","@id":"https:\/\/documentalchacabuco.cl\/#organization","name":"DOCUMENTAL CHACABUCO","url":"https:\/\/documentalchacabuco.cl\/","logo":{"@type":"ImageObject","inLanguage":"es","@id":"https:\/\/documentalchacabuco.cl\/#\/schema\/logo\/image\/","url":"https:\/\/documentalchacabuco.cl\/wp-content\/uploads\/2026\/03\/cropped-LOGO-CHACABUCO-DOCUDMT_L.jpg","contentUrl":"https:\/\/documentalchacabuco.cl\/wp-content\/uploads\/2026\/03\/cropped-LOGO-CHACABUCO-DOCUDMT_L.jpg","width":1511,"height":1529,"caption":"DOCUMENTAL CHACABUCO"},"image":{"@id":"https:\/\/documentalchacabuco.cl\/#\/schema\/logo\/image\/"}}]}},"_links":{"self":[{"href":"https:\/\/documentalchacabuco.cl\/index.php?rest_route=\/wp\/v2\/pages\/46","targetHints":{"allow":["GET"]}}],"collection":[{"href":"https:\/\/documentalchacabuco.cl\/index.php?rest_route=\/wp\/v2\/pages"}],"about":[{"href":"https:\/\/documentalchacabuco.cl\/index.php?rest_route=\/wp\/v2\/types\/page"}],"author":[{"embeddable":true,"href":"https:\/\/documentalchacabuco.cl\/index.php?rest_route=\/wp\/v2\/users\/1"}],"replies":[{"embeddable":true,"href":"https:\/\/documentalchacabuco.cl\/index.php?rest_route=%2Fwp%2Fv2%2Fcomments&post=46"}],"version-history":[{"count":29,"href":"https:\/\/documentalchacabuco.cl\/index.php?rest_route=\/wp\/v2\/pages\/46\/revisions"}],"predecessor-version":[{"id":198,"href":"https:\/\/documentalchacabuco.cl\/index.php?rest_route=\/wp\/v2\/pages\/46\/revisions\/198"}],"wp:attachment":[{"href":"https:\/\/documentalchacabuco.cl\/index.php?rest_route=%2Fwp%2Fv2%2Fmedia&parent=46"}],"curies":[{"name":"wp","href":"https:\/\/api.w.org\/{rel}","templated":true}]}}